{"id":476,"date":"2020-10-13T13:26:43","date_gmt":"2020-10-13T11:26:43","guid":{"rendered":"https:\/\/www.kryczek-kancelaria.eu\/?page_id=476"},"modified":"2025-10-27T15:27:54","modified_gmt":"2025-10-27T14:27:54","slug":"regulamin","status":"publish","type":"page","link":"https:\/\/www.kryczek-kancelaria.eu\/index.php\/regulamin\/","title":{"rendered":"Regulamin"},"content":{"rendered":"<p>[et_pb_section fb_built=&#8221;1&#8243; _builder_version=&#8221;4.16&#8243; _module_preset=&#8221;default&#8221; use_background_color_gradient=&#8221;on&#8221; background_color_gradient_stops=&#8221;#313e47 0%|rgba(49,62,71,0.5) 100%&#8221; background_color_gradient_overlays_image=&#8221;on&#8221; background_color_gradient_start=&#8221;#313e47&#8243; background_color_gradient_end=&#8221;rgba(49,62,71,0.5)&#8221; background_image=&#8221;https:\/\/www.kryczek-kancelaria.eu\/wp-content\/uploads\/2020\/10\/law-firm-28.jpg&#8221; global_colors_info=&#8221;{}&#8221;][et_pb_row _builder_version=&#8221;4.16&#8243; _module_preset=&#8221;default&#8221; global_colors_info=&#8221;{}&#8221;][et_pb_column type=&#8221;4_4&#8243; _builder_version=&#8221;4.16&#8243; _module_preset=&#8221;default&#8221; global_colors_info=&#8221;{}&#8221;][et_pb_text _builder_version=&#8221;4.16&#8243; _module_preset=&#8221;default&#8221; hover_enabled=&#8221;0&#8243; global_colors_info=&#8221;{}&#8221; sticky_enabled=&#8221;0&#8243;][\/et_pb_text][\/et_pb_column][\/et_pb_row][\/et_pb_section][et_pb_section fb_built=&#8221;1&#8243; _builder_version=&#8221;4.16&#8243; _module_preset=&#8221;default&#8221; hover_enabled=&#8221;0&#8243; global_colors_info=&#8221;{}&#8221; sticky_enabled=&#8221;0&#8243;][et_pb_row _builder_version=&#8221;4.16&#8243; _module_preset=&#8221;default&#8221; global_colors_info=&#8221;{}&#8221;][et_pb_column type=&#8221;4_4&#8243; _builder_version=&#8221;4.16&#8243; _module_preset=&#8221;default&#8221; global_colors_info=&#8221;{}&#8221;][et_pb_text _builder_version=&#8221;4.27.4&#8243; _module_preset=&#8221;default&#8221; custom_padding=&#8221;0px|||||&#8221; hover_enabled=&#8221;0&#8243; global_colors_info=&#8221;{}&#8221; sticky_enabled=&#8221;0&#8243;]<\/p>\n<h3 style=\"text-align: center;\"><span style=\"color: #0000ff;\"><strong>REGULAMIN KORZYSTANIA ZE STRONY WWW.KRYCZEK-KANCELARIA.EU<\/strong><\/span><\/h3>\n<h3 style=\"text-align: center;\"><span style=\"color: #0000ff;\"><strong>\u00a7 1.\u00a0POSTANOWIENIA OG\u00d3LNE<\/strong><\/span><\/h3>\n<p style=\"text-align: justify;\">Niniejszy regulamin, zwany dalej &#8222;Regulaminem&#8221;, okre\u015bla zasady \u015bwiadczenia us\u0142ug przez Us\u0142ugodawc\u0119 za po\u015brednictwem serwisu internetowego umieszczonego w witrynie internetowej pod adresem https: www.kryczek-kancelaria.eu, zwany dalej \u201eSerwisem\u201d, zasady korzystania z tych us\u0142ug i zasady ochrony danych osobowych Us\u0142ugobiorc\u00f3w i innych u\u017cytkownik\u00f3w.<br \/>Us\u0142ugodawca \u2013 Wojciech Kryczek prowadz\u0105cy dzia\u0142alno\u015b\u0107 gospodarcz\u0105 pod firm\u0105 Wojciech Kryczek Kancelaria Radcy Prawnego i Doradcy Restrukturyzacyjnego, zarejestrowan\u0105 w Cz\u0119stochowie (kod pocztowy: 42 \u2013 218) przy ul. Jana Kili\u0144skiego 72\/74 lok. 21, adres e-mail: biuro@kryczek-kancelaria.eu, REGON: 021426085, NIP: 894 \u2013 270 \u2013 13 \u2013 62.<br \/>Us\u0142ugodawca w ramach Serwisu prowadzi stron\u0119 internetow\u0105, kierowan\u0105 do otwartego grona odwiedzaj\u0105cych.<\/p>\n<p style=\"text-align: center;\"><strong>Definicje. <\/strong><\/p>\n<p style=\"text-align: justify;\">Dla cel\u00f3w niniejszego Regulaminu poni\u017csze terminy maj\u0105 nast\u0119puj\u0105ce znaczenie:<br \/>Us\u0142ugobiorca \u2013 1) przedsi\u0119biorca kt\u00f3ry jest osob\u0105 fizyczn\u0105, osob\u0105 prawn\u0105 i jednostk\u0105 organizacyjn\u0105 nieb\u0119d\u0105c\u0105 osob\u0105 prawn\u0105, kt\u00f3rej odr\u0119bna ustawa przyznaje zdolno\u015b\u0107 prawn\u0105 \u2013 wykonuj\u0105ca we w\u0142asnym imieniu dzia\u0142alno\u015b\u0107 gospodarcz\u0105 lub zawodow\u0105, 2) osoba wykonuj\u0105ca dzia\u0142alno\u015b\u0107 zawodow\u0105, 3) osoba fizyczna nieprowadz\u0105ca dzia\u0142alno\u015bci gospodarczej (w szczeg\u00f3lno\u015bci konsument), 4) inny podmiot instytucjonalny posiadaj\u0105cy lub nieposiadaj\u0105cy osobowo\u015bci prawnej, kt\u00f3ry korzysta z us\u0142ug \u015bwiadczonych przez Us\u0142ugodawc\u0119 na zasadach okre\u015blonych w Regulaminie, zar\u00f3wno z us\u0142ug p\u0142atnych jak i bezp\u0142atnych.<br \/>Us\u0142uga \u2013 nieodp\u0142atne lub odp\u0142atne udost\u0119pnianie Us\u0142ugobiorcy tre\u015bci umieszczonych w serwisie (us\u0142uga nieodp\u0142atna i us\u0142uga odp\u0142atna).<br \/>Us\u0142uga p\u0142atna \u2013 udost\u0119pnianie tre\u015bci umieszczonych w serwisie przy u\u017cyciu dost\u0119pnych form p\u0142atno\u015bci.<br \/>\u015awiadczenie us\u0142ugi drog\u0105 elektroniczn\u0105 w rozumieniu ustawy z dnia 18 lipca 2002 r. o \u015bwiadczeniu us\u0142ug drog\u0105 elektroniczn\u0105 (Dz.U. tekst jednolity z 2020r., poz. 344, z p\u00f3\u017a\u0144. zm.) \u2013 wykonanie us\u0142ugi \u015bwiadczonej bez jednoczesnej obecno\u015bci stron (na odleg\u0142o\u015b\u0107), poprzez przekaz danych na indywidualne \u017c\u0105danie Us\u0142ugobiorcy. Umo\u017cliwianie korzystania z Serwisu jest us\u0142ug\u0105 \u015bwiadczon\u0105 drog\u0105 elektroniczn\u0105 przez Us\u0142ugodawc\u0119 na rzecz Us\u0142ugobiorc\u00f3w i innych u\u017cytkownik\u00f3w, kt\u00f3re odbywa si\u0119 na mocy umowy, zawieranej pomi\u0119dzy Us\u0142ugobiorc\u0105 a Us\u0142ugodawc\u0105 oraz na podstawie Regulaminu.<\/p>\n<h3 style=\"text-align: center;\"><span style=\"color: #0000ff;\"><strong>\u00a7 2.\u00a0RODZAJE I ZAKRES US\u0141UG<\/strong><\/span><\/h3>\n<p style=\"text-align: justify;\">Us\u0142ugodawca oferuje nast\u0119puj\u0105ce rodzaje us\u0142ug:<br \/>1. Us\u0142ugi bezp\u0142atne, w szczeg\u00f3lno\u015bci:<br \/>1) mo\u017cliwo\u015b\u0107 przegl\u0105dania i odczytywania przez Us\u0142ugobiorc\u00f3w i innych u\u017cytkownik\u00f3w tre\u015bci Serwisu i komentarzy zamieszczanych w Serwisie,<br \/>2) udost\u0119pnianie miejsca na serwerach Us\u0142ugodawcy w celu dodawania komentarzy pod artyku\u0142ami zamieszczanymi przez Us\u0142ugodawc\u0119 w serwisie oraz ich wy\u015bwietlanie przez Us\u0142ugodawc\u0119 w Serwisie,<br \/>3) przesy\u0142anie newslettera do Us\u0142ugobiorc\u00f3w,<br \/>2. Us\u0142ugi p\u0142atne, w szczeg\u00f3lno\u015bci:<br \/>1) udost\u0119pniane Us\u0142ugobiorcy materia\u0142y w formie plik\u00f3w PDF lub innych powszechnie u\u017cywanych formatach elektronicznych, kt\u00f3re zosta\u0142y oznaczone jako p\u0142atne poprzez wskazanie ceny (w szczeg\u00f3lno\u015bci dokumenty: wzory um\u00f3w lub innych pism).<\/p>\n<h3 style=\"text-align: center;\"><span style=\"color: #0000ff;\"><strong>\u00a7 3.\u00a0WARUNKI KORZYSTANIA Z SERWISU<\/strong><\/span><\/h3>\n<p style=\"text-align: justify;\">1. W celu prawid\u0142owego i pe\u0142nego korzystania z Us\u0142ug, Us\u0142ugobiorcy powinni dysponowa\u0107:<br \/>1) urz\u0105dzeniem maj\u0105cym dost\u0119p do sieci Internet,<br \/>2) przegl\u0105dark\u0105 Internet Explorer 7.0 lub wy\u017csz\u0105, albo oprogramowaniem o podobnych parametrach,<br \/>3) telefonem kom\u00f3rkowym lub innym urz\u0105dzeniem elektronicznym, kt\u00f3re umo\u017cliwiaj\u0105 korzystanie z Serwisu.<br \/>2. Us\u0142ugodawca zastrzega, \u017ce korzystanie z Serwisu odbywa si\u0119 wy\u0142\u0105cznie na koszt i ryzyko Us\u0142ugobiorcy lub innego u\u017cytkownika.<br \/>3. Us\u0142ugodawca nie ponosi odpowiedzialno\u015bci za Komentarze zamieszczane w Serwisie przez Us\u0142ugobiorc\u00f3w i innych u\u017cytkownik\u00f3w.<\/p>\n<h3 style=\"text-align: center;\"><span style=\"color: #0000ff;\"><strong>\u00a7 4.\u00a0PRAWA I OBOWI\u0104ZKI STRON<\/strong><\/span><\/h3>\n<p style=\"text-align: justify;\">1. Us\u0142ugobiorca zobowi\u0105zuje si\u0119 do uiszczenia nale\u017cno\u015bci za Us\u0142ugi odp\u0142atne w terminie i w spos\u00f3b okre\u015blony w Regulaminie.<br \/>2. Us\u0142ugodawca do\u0142o\u017cy wszelkich stara\u0144, \u017ceby Serwis funkcjonowa\u0142 w spos\u00f3b ci\u0105g\u0142y.<br \/>3. Us\u0142ugodawca zastrzega, \u017ce w funkcjonowaniu Serwisu mog\u0105 wyst\u0105pi\u0107 przerwy w celu aktualizacji danych, naprawienia b\u0142\u0119d\u00f3w i dokonania innych prac konserwacyjnych.<br \/>4. Korzystaj\u0105c z Serwisu Us\u0142ugobiorcy i inni u\u017cytkownicy obowi\u0105zani s\u0105 post\u0119powa\u0107 zgodnie z prawem oraz zasadami wsp\u00f3\u0142\u017cycia spo\u0142ecznego.<br \/>5. Zabronione jest pobieranie zawarto\u015bci udost\u0119pnionych w Serwisie i wt\u00f3rne ich wykorzystywane w ca\u0142o\u015bci lub w istotnej cz\u0119\u015bci.<br \/>6. Us\u0142ugodawca zastrzega, i\u017c wszystkie tre\u015bci dost\u0119pne w Serwisie s\u0105 obj\u0119te ochron\u0105 prawa autorskiego. Us\u0142ugobiorca ma prawo do korzystania z nich jedynie w ramach dozwolonego u\u017cytku osobistego. Kopiowanie, zwielokrotnianie, rozpowszechnianie w Internecie i inne formy korzystania z materia\u0142\u00f3w i wiadomo\u015bci umieszczonych w Serwisie wykraczaj\u0105ce poza granice dozwolone prawem jest zabronione.<br \/>7. W przypadku, gdy Us\u0142ugodawca w celu \u015bwiadczenia Us\u0142ugi wymaga podania przez Us\u0142ugobiorc\u0119 adresu e-mail Us\u0142ugobiorca zobowi\u0105zany jest poda\u0107 prawdziwy adres e-mail, tj. taki, pod kt\u00f3rym odbiera korespondencj\u0119.<\/p>\n<h3 style=\"text-align: center;\"><span style=\"color: #0000ff;\"><strong>\u00a7 5.\u00a0ZASADY ZAMIESZCZANIA KOMENTARZY W SERWISIE<\/strong><\/span><\/h3>\n<p style=\"text-align: justify;\">1. Niedopuszczalne jest zamieszczanie w serwisie tre\u015bci o charakterze bezprawnym, w szczeg\u00f3lno\u015bci: wulgaryzm\u00f3w, obra\u017aliwych sformu\u0142owa\u0144, tre\u015bci naruszaj\u0105cych prawa autorskie os\u00f3b trzecich, tre\u015bci naruszaj\u0105cych dobra osobiste os\u00f3b trzecich.<br \/>2. Us\u0142ugodawca zastrzega, \u017ce nie b\u0119dzie zamieszcza\u0142 komentarzy zawieraj\u0105cych tre\u015bci niezgodne z prawem oraz wymogami okre\u015blonymi w Regulaminie.<br \/>3. Je\u017celi Wpis stanowi utw\u00f3r, w rozumieniu ustawy z dnia 4 lutego 1994 r. o prawie autorskim i prawach pokrewnych (tekst jednolity Dz.U. z 2019 r., poz. 1231, z p\u00f3\u017aniejszymi zmianami) Us\u0142ugobiorca udziela Us\u0142ugodawcy licencji na korzystanie z utworu na nast\u0119puj\u0105cych polach eksploatacji:<br \/>1) w zakresie utrwalania i zwielokrotniania utworu \u2013 wytwarzanie okre\u015blon\u0105 technik\u0105 egzemplarzy utworu, w tym technik\u0105 drukarsk\u0105, reprograficzn\u0105, zapisu magnetycznego oraz technik\u0105 cyfrow\u0105;<br \/>2) w zakresie obrotu orygina\u0142em albo egzemplarzami, na kt\u00f3rych utw\u00f3r utrwalono \u2013 wprowadzanie do obrotu, u\u017cyczenie lub najem orygina\u0142u albo egzemplarzy;<br \/>3) w zakresie rozpowszechniania utworu w spos\u00f3b inny ni\u017c okre\u015blony w pkt 2 \u2013 publiczne wykonanie, wystawienie, wy\u015bwietlenie, odtworzenie oraz nadawanie i reemitowanie, a tak\u017ce publiczne udost\u0119pnianie utworu w taki spos\u00f3b, aby ka\u017cdy m\u00f3g\u0142 mie\u0107 do niego dost\u0119p w miejscu i w czasie przez siebie wybranym.<br \/>4. Us\u0142ugodawca jest uprawniony do udzielania sublicencji.<br \/>5. Us\u0142ugobiorca lub inny u\u017cytkownik zamieszcza Wpis wy\u0142\u0105cznie na w\u0142asn\u0105 odpowiedzialno\u015b\u0107.<br \/>6. Us\u0142ugodawca nie ma obowi\u0105zku monitorowania tre\u015bci Wpis\u00f3w zamieszczanych przez Us\u0142ugobiorc\u00f3w i innych u\u017cytkownik\u00f3w w Serwisie, jednak\u017ce przys\u0142uguje mu prawo do usuni\u0119cia ka\u017cdego wpisu bez podania przyczyn.<\/p>\n<h3 style=\"text-align: center;\"><span style=\"color: #0000ff;\"><strong>\u00a7 6.\u00a0PRZETWARZANIE DANYCH OSOBOWYCH<\/strong><\/span><\/h3>\n<p style=\"text-align: justify;\">1. W ramach \u015bwiadczenia drog\u0105 elektroniczn\u0105 Us\u0142ug wymagaj\u0105cych podania danych osobowych, Us\u0142ugodawca jest uprawniony, na podstawie art. 18 ust. 1 ustawy z dnia 18 lipca 2002 r. o \u015bwiadczeniu us\u0142ug drog\u0105 elektroniczn\u0105 (Dz.U. tekst jednolity z 2020r., poz. 344, z p\u00f3\u017a\u0144. zm.), do przetwarzania danych osobowych Us\u0142ugobiorc\u00f3w niezb\u0119dnych do nawi\u0105zania, ukszta\u0142towania tre\u015bci, zmiany lub rozwi\u0105zania umowy o \u015bwiadczenie Us\u0142ug przez Us\u0142ugodawc\u0119, w celu prawid\u0142owej realizacji Us\u0142ug.<br \/>2. Us\u0142ugodawca mo\u017ce przetwarza\u0107 m.in. nast\u0119puj\u0105ce dane osobowe:<br \/>1) nazwisko i imiona Us\u0142ugobiorcy,<br \/>2) numer ewidencyjny PESEL lub \u2013 gdy ten numer nie zosta\u0142 nadany \u2013 numer paszportu, dowodu osobistego lub innego dokumentu potwierdzaj\u0105cego to\u017csamo\u015b\u0107<br \/>3) adres zameldowania na pobyt sta\u0142y,<br \/>4) adres do korespondencji, je\u017celi jest inny ni\u017c adres zameldowania,<br \/>5) adres poczty elektronicznej,<br \/>6) numer telefonu.<br \/>3. W celu realizacji Us\u0142ugi lub dokonania innej czynno\u015bci prawnej z Us\u0142ugobiorc\u0105, Us\u0142ugodawca mo\u017ce przetwarza\u0107 inne dane niezb\u0119dne ze wzgl\u0119du na w\u0142a\u015bciwo\u015b\u0107 \u015bwiadczonej us\u0142ugi lub spos\u00f3b jej rozliczenia.<br \/>4. Us\u0142ugodawca mo\u017ce przetwarza\u0107 r\u00f3wnie\u017c nast\u0119puj\u0105ce dane charakteryzuj\u0105ce spos\u00f3b korzystania przez Us\u0142ugobiorc\u0119 z Us\u0142ugi (dane eksploatacyjne):<br \/>1) oznaczenia identyfikuj\u0105ce Us\u0142ugobiorc\u0119 nadawane na podstawie danych, o kt\u00f3rych mowa w niniejszym paragrafie,<br \/>2) oznaczenia identyfikuj\u0105ce zako\u0144czenie sieci telekomunikacyjnej lub system teleinformatyczny, z kt\u00f3rego korzysta\u0142 Us\u0142ugobiorca,<br \/>3) informacje o rozpocz\u0119ciu, zako\u0144czeniu oraz zakresie ka\u017cdorazowego korzystania z Us\u0142ug,<br \/>4) informacje o skorzystaniu przez Us\u0142ugobiorc\u0119 z Us\u0142ug.<br \/>5. Us\u0142ugodawca jest administratorem danych osobowych w rozumieniu\u00a0rozporz\u0105dzenia Parlamentu Europejskiego i Rady (UE) 2016\/679 z 27.04.2016 r. w sprawie ochrony os\u00f3b fizycznych w zwi\u0105zku z przetwarzaniem danych osobowych i w sprawie swobod\u00adnego przep\u0142ywu takich danych oraz uchylenia dyrektywy 95\/46\/WE (og\u00f3lne rozporz\u0105dzenie o ochronie danych, Dz. Urz. UE L 119, s. 1) oraz ustawy z dnia 10 maja 2018 r. o ochronie danych osobowych (tekst jednolity Dz. U. 2019, poz. 1781 z p\u00f3\u017aniejszymi zmianami).<br \/>6. Us\u0142ugodawca, jako administrator danych dba o bezpiecze\u0144stwo danych osobowych udost\u0119pnionych przez Us\u0142ugobiorc\u00f3w. Dane te s\u0105 zabezpieczone przed dost\u0119pem os\u00f3b nieupowa\u017cnionych.<br \/>7. Udost\u0119pniaj\u0105c formularz kontaktowy Us\u0142ugodawca okre\u015bla dane osobowe Us\u0142ugobiorcy, kt\u00f3rych podanie jest niezb\u0119dne w celu zawarcia umowy \u015bwiadczenia Us\u0142ug.<br \/>8. Us\u0142ugobiorca udost\u0119pniaj\u0105c sw\u00f3j adres e-mail lub numer telefony oraz akceptuj\u0105c niniejszy Regulamin wyra\u017ca zgod\u0119 na przesy\u0142anie mu informacji handlowych drog\u0105 elektroniczn\u0105 zgodnie z ustaw\u0105 o \u015bwiadczeniu us\u0142ug drog\u0105 elektroniczn\u0105 z dnia 18 lipca 2002r. (Dz.U. tekst jednolity z 2020r., poz. 344, z p\u00f3\u017a\u0144. zm.).<br \/>9. Szczeg\u00f3\u0142owe postanowienia dotycz\u0105ce ochrony danych osobowych Klienta znajduj\u0105 si\u0119 na stronie internetowej Sklepu Internetowego w zak\u0142adce po\u015bwi\u0119conej <span style=\"color: #0000ff;\"><a style=\"color: #0000ff;\" href=\"https:\/\/www.kryczek-kancelaria.eu\/index.php\/polityka-prywatnosci\/\">Polityce prywatno\u015bci i Cookies<\/a><\/span>.<\/p>\n<p style=\"text-align: justify;\">10. W przypadkach gdy Us\u0142ugobiorca uwa\u017ca, \u017ce dosz\u0142o do naruszenia w zakresie ochrony danych osobowych, ma prawo wniesienia skargi do organu nadzorczego, tj.: Prezesa Urz\u0119du Ochrony Danych Osobowych, ul. Stawki 2, 00-193 Warszawa.<\/p>\n<h3 style=\"text-align: center;\"><span style=\"color: #0000ff;\"><strong>\u00a7 7.\u00a0POSTANOWIENIA KO\u0143COWE<\/strong><\/span><\/h3>\n<p style=\"text-align: justify;\">1. Us\u0142ugobiorcy przed rozpocz\u0119ciem korzystania z Serwisu s\u0105 zobowi\u0105zani zapozna\u0107 si\u0119 z niniejszym Regulaminem.<br \/>2. Regulamin jest udost\u0119pniony Us\u0142ugobiorcom nieodp\u0142atnie za po\u015brednictwem Serwisu na stronie <span style=\"color: #0000ff;\"><a style=\"color: #0000ff;\" href=\"https:\/\/www.kryczek-kancelaria.eu\">www.kryczek-kancelaria.eu<\/a><\/span>, w formie, kt\u00f3ra umo\u017cliwia jego pobranie, utrwalenie i wydrukowanie.<br \/>3. Ka\u017cdy Us\u0142ugobiorca zobowi\u0105zany jest do przestrzegania postanowie\u0144 Regulaminu od chwili rozpocz\u0119cia korzystania z Us\u0142ug.<br \/>4. Us\u0142ugodawca uprawniony jest do zawieszenia lub zaprzestania albo zmiany zasad \u015bwiadczenia Us\u0142ug bez uprzedniego zawiadamiania Us\u0142ugobiorc\u00f3w, z zastrze\u017ceniem zachowania praw Us\u0142ugobiorc\u00f3w, kt\u00f3rzy wnie\u015bli op\u0142at\u0119 na poczet \u015bwiadczenia Us\u0142ug.<br \/>5. Us\u0142ugodawca zastrzega sobie prawo zmiany postanowie\u0144 niniejszego Regulaminu.<br \/>6. W przypadku zmiany niniejszego Regulaminu zostanie on umieszczony na stronie Serwisu <span style=\"color: #0000ff;\"><a style=\"color: #0000ff;\" href=\"https:\/\/www.kryczek-kancelaria.eu\">www.kryczek-kancelaria.eu<\/a><\/span>.<br \/>7. Us\u0142ugodawca ma prawo do jednostronnej zmiany Regulaminu, z zastrze\u017ceniem zachowania praw Us\u0142ugobiorc\u00f3w, kt\u00f3rzy wnie\u015bli op\u0142at\u0119 na poczet \u015bwiadczenia przez Us\u0142ugodawc\u0119 Us\u0142ug odp\u0142atnych. Zmiana mo\u017ce by\u0107 uzasadniona zmian\u0105 powszechnie obowi\u0105zuj\u0105cego prawa w zakresie w jakim ma wp\u0142yw na niniejszy regulamin jak r\u00f3wnie\u017c potrzeb\u0105 wprowadzenia przez Us\u0142ugodawc\u0119 nowych us\u0142ug lub nowych funkcjonalno\u015bci dla us\u0142ug ju\u017c istniej\u0105cych.<br \/>8. Wszelkie pytania, opinie i wnioski dotycz\u0105ce funkcjonowania Serwisu oraz o\u015bwiadczenia do Us\u0142ugodawcy Us\u0142ugobiorca mo\u017ce kierowa\u0107 na adres poczty elektronicznej:\u00a0: biuro@kryczek-kancelaria.eu.<br \/>9. Regulamin wchodzi w \u017cycie z dniem 1.10.2020r..<\/p>\n<p style=\"text-align: justify;\">Cz\u0119stochowa, dnia 01.10.2020r.<br \/>Wojciech Kryczek<\/p>\n<p>[\/et_pb_text][\/et_pb_column][\/et_pb_row][\/et_pb_section]<\/p>\n","protected":false},"excerpt":{"rendered":"<p>REGULAMIN KORZYSTANIA ZE STRONY WWW.KRYCZEK-KANCELARIA.EU \u00a7 1.\u00a0POSTANOWIENIA OG\u00d3LNE Niniejszy regulamin, zwany dalej &#8222;Regulaminem&#8221;, okre\u015bla zasady \u015bwiadczenia us\u0142ug przez Us\u0142ugodawc\u0119 za po\u015brednictwem serwisu internetowego umieszczonego w witrynie internetowej pod adresem https: www.kryczek-kancelaria.eu, zwany dalej \u201eSerwisem\u201d, zasady korzystania z tych us\u0142ug i zasady ochrony danych osobowych Us\u0142ugobiorc\u00f3w i innych u\u017cytkownik\u00f3w.Us\u0142ugodawca \u2013 Wojciech Kryczek prowadz\u0105cy dzia\u0142alno\u015b\u0107 gospodarcz\u0105 pod [&hellip;]<\/p>\n","protected":false},"author":1,"featured_media":0,"parent":0,"menu_order":0,"comment_status":"closed","ping_status":"closed","template":"","meta":{"_et_pb_use_builder":"on","_et_pb_old_content":"","_et_gb_content_width":"","footnotes":""},"class_list":["post-476","page","type-page","status-publish","hentry"],"yoast_head":"<!-- This site is optimized with the Yoast SEO plugin v26.2 - https:\/\/yoast.com\/wordpress\/plugins\/seo\/ -->\n<title>Regulamin - www.kryczek-kancelaria.eu<\/title>\n<meta name=\"robots\" content=\"index, follow, max-snippet:-1, max-image-preview:large, max-video-preview:-1\" \/>\n<link rel=\"canonical\" href=\"https:\/\/www.kryczek-kancelaria.eu\/index.php\/regulamin\/\" \/>\n<meta property=\"og:locale\" content=\"pl_PL\" \/>\n<meta property=\"og:type\" content=\"article\" \/>\n<meta property=\"og:title\" content=\"Regulamin - www.kryczek-kancelaria.eu\" \/>\n<meta property=\"og:description\" content=\"REGULAMIN KORZYSTANIA ZE STRONY WWW.KRYCZEK-KANCELARIA.EU \u00a7 1.\u00a0POSTANOWIENIA OG\u00d3LNE Niniejszy regulamin, zwany dalej &quot;Regulaminem&quot;, okre\u015bla zasady \u015bwiadczenia us\u0142ug przez Us\u0142ugodawc\u0119 za po\u015brednictwem serwisu internetowego umieszczonego w witrynie internetowej pod adresem https: www.kryczek-kancelaria.eu, zwany dalej \u201eSerwisem\u201d, zasady korzystania z tych us\u0142ug i zasady ochrony danych osobowych Us\u0142ugobiorc\u00f3w i innych u\u017cytkownik\u00f3w.Us\u0142ugodawca \u2013 Wojciech Kryczek prowadz\u0105cy dzia\u0142alno\u015b\u0107 gospodarcz\u0105 pod [&hellip;]\" \/>\n<meta property=\"og:url\" content=\"https:\/\/www.kryczek-kancelaria.eu\/index.php\/regulamin\/\" \/>\n<meta property=\"og:site_name\" content=\"www.kryczek-kancelaria.eu\" \/>\n<meta property=\"article:modified_time\" content=\"2025-10-27T14:27:54+00:00\" \/>\n<meta name=\"twitter:card\" content=\"summary_large_image\" \/>\n<meta name=\"twitter:label1\" content=\"Szacowany czas czytania\" \/>\n\t<meta name=\"twitter:data1\" content=\"9 minut\" \/>\n<script type=\"application\/ld+json\" class=\"yoast-schema-graph\">{\"@context\":\"https:\/\/schema.org\",\"@graph\":[{\"@type\":\"WebPage\",\"@id\":\"https:\/\/www.kryczek-kancelaria.eu\/index.php\/regulamin\/\",\"url\":\"https:\/\/www.kryczek-kancelaria.eu\/index.php\/regulamin\/\",\"name\":\"Regulamin - www.kryczek-kancelaria.eu\",\"isPartOf\":{\"@id\":\"https:\/\/www.kryczek-kancelaria.eu\/#website\"},\"datePublished\":\"2020-10-13T11:26:43+00:00\",\"dateModified\":\"2025-10-27T14:27:54+00:00\",\"breadcrumb\":{\"@id\":\"https:\/\/www.kryczek-kancelaria.eu\/index.php\/regulamin\/#breadcrumb\"},\"inLanguage\":\"pl-PL\",\"potentialAction\":[{\"@type\":\"ReadAction\",\"target\":[\"https:\/\/www.kryczek-kancelaria.eu\/index.php\/regulamin\/\"]}]},{\"@type\":\"BreadcrumbList\",\"@id\":\"https:\/\/www.kryczek-kancelaria.eu\/index.php\/regulamin\/#breadcrumb\",\"itemListElement\":[{\"@type\":\"ListItem\",\"position\":1,\"name\":\"Strona g\u0142\u00f3wna\",\"item\":\"https:\/\/www.kryczek-kancelaria.eu\/\"},{\"@type\":\"ListItem\",\"position\":2,\"name\":\"Regulamin\"}]},{\"@type\":\"WebSite\",\"@id\":\"https:\/\/www.kryczek-kancelaria.eu\/#website\",\"url\":\"https:\/\/www.kryczek-kancelaria.eu\/\",\"name\":\"www.kryczek-kancelaria.eu\",\"description\":\"Kolejna witryna oparta na WordPressie\",\"potentialAction\":[{\"@type\":\"SearchAction\",\"target\":{\"@type\":\"EntryPoint\",\"urlTemplate\":\"https:\/\/www.kryczek-kancelaria.eu\/?s={search_term_string}\"},\"query-input\":{\"@type\":\"PropertyValueSpecification\",\"valueRequired\":true,\"valueName\":\"search_term_string\"}}],\"inLanguage\":\"pl-PL\"}]}<\/script>\n<!-- \/ Yoast SEO plugin. -->","yoast_head_json":{"title":"Regulamin - www.kryczek-kancelaria.eu","robots":{"index":"index","follow":"follow","max-snippet":"max-snippet:-1","max-image-preview":"max-image-preview:large","max-video-preview":"max-video-preview:-1"},"canonical":"https:\/\/www.kryczek-kancelaria.eu\/index.php\/regulamin\/","og_locale":"pl_PL","og_type":"article","og_title":"Regulamin - www.kryczek-kancelaria.eu","og_description":"REGULAMIN KORZYSTANIA ZE STRONY WWW.KRYCZEK-KANCELARIA.EU \u00a7 1.\u00a0POSTANOWIENIA OG\u00d3LNE Niniejszy regulamin, zwany dalej \"Regulaminem\", okre\u015bla zasady \u015bwiadczenia us\u0142ug przez Us\u0142ugodawc\u0119 za po\u015brednictwem serwisu internetowego umieszczonego w witrynie internetowej pod adresem https: www.kryczek-kancelaria.eu, zwany dalej \u201eSerwisem\u201d, zasady korzystania z tych us\u0142ug i zasady ochrony danych osobowych Us\u0142ugobiorc\u00f3w i innych u\u017cytkownik\u00f3w.Us\u0142ugodawca \u2013 Wojciech Kryczek prowadz\u0105cy dzia\u0142alno\u015b\u0107 gospodarcz\u0105 pod [&hellip;]","og_url":"https:\/\/www.kryczek-kancelaria.eu\/index.php\/regulamin\/","og_site_name":"www.kryczek-kancelaria.eu","article_modified_time":"2025-10-27T14:27:54+00:00","twitter_card":"summary_large_image","twitter_misc":{"Szacowany czas czytania":"9 minut"},"schema":{"@context":"https:\/\/schema.org","@graph":[{"@type":"WebPage","@id":"https:\/\/www.kryczek-kancelaria.eu\/index.php\/regulamin\/","url":"https:\/\/www.kryczek-kancelaria.eu\/index.php\/regulamin\/","name":"Regulamin - www.kryczek-kancelaria.eu","isPartOf":{"@id":"https:\/\/www.kryczek-kancelaria.eu\/#website"},"datePublished":"2020-10-13T11:26:43+00:00","dateModified":"2025-10-27T14:27:54+00:00","breadcrumb":{"@id":"https:\/\/www.kryczek-kancelaria.eu\/index.php\/regulamin\/#breadcrumb"},"inLanguage":"pl-PL","potentialAction":[{"@type":"ReadAction","target":["https:\/\/www.kryczek-kancelaria.eu\/index.php\/regulamin\/"]}]},{"@type":"BreadcrumbList","@id":"https:\/\/www.kryczek-kancelaria.eu\/index.php\/regulamin\/#breadcrumb","itemListElement":[{"@type":"ListItem","position":1,"name":"Strona g\u0142\u00f3wna","item":"https:\/\/www.kryczek-kancelaria.eu\/"},{"@type":"ListItem","position":2,"name":"Regulamin"}]},{"@type":"WebSite","@id":"https:\/\/www.kryczek-kancelaria.eu\/#website","url":"https:\/\/www.kryczek-kancelaria.eu\/","name":"www.kryczek-kancelaria.eu","description":"Kolejna witryna oparta na WordPressie","potentialAction":[{"@type":"SearchAction","target":{"@type":"EntryPoint","urlTemplate":"https:\/\/www.kryczek-kancelaria.eu\/?s={search_term_string}"},"query-input":{"@type":"PropertyValueSpecification","valueRequired":true,"valueName":"search_term_string"}}],"inLanguage":"pl-PL"}]}},"jetpack_sharing_enabled":true,"_links":{"self":[{"href":"https:\/\/www.kryczek-kancelaria.eu\/index.php\/wp-json\/wp\/v2\/pages\/476","targetHints":{"allow":["GET"]}}],"collection":[{"href":"https:\/\/www.kryczek-kancelaria.eu\/index.php\/wp-json\/wp\/v2\/pages"}],"about":[{"href":"https:\/\/www.kryczek-kancelaria.eu\/index.php\/wp-json\/wp\/v2\/types\/page"}],"author":[{"embeddable":true,"href":"https:\/\/www.kryczek-kancelaria.eu\/index.php\/wp-json\/wp\/v2\/users\/1"}],"replies":[{"embeddable":true,"href":"https:\/\/www.kryczek-kancelaria.eu\/index.php\/wp-json\/wp\/v2\/comments?post=476"}],"version-history":[{"count":12,"href":"https:\/\/www.kryczek-kancelaria.eu\/index.php\/wp-json\/wp\/v2\/pages\/476\/revisions"}],"predecessor-version":[{"id":1490,"href":"https:\/\/www.kryczek-kancelaria.eu\/index.php\/wp-json\/wp\/v2\/pages\/476\/revisions\/1490"}],"wp:attachment":[{"href":"https:\/\/www.kryczek-kancelaria.eu\/index.php\/wp-json\/wp\/v2\/media?parent=476"}],"curies":[{"name":"wp","href":"https:\/\/api.w.org\/{rel}","templated":true}]}}